{"id":436,"date":"2025-03-21T10:39:26","date_gmt":"2025-03-21T07:39:26","guid":{"rendered":"https:\/\/bigritefit.com\/?page_id=436"},"modified":"2025-09-30T14:18:24","modified_gmt":"2025-09-30T11:18:24","slug":"como-funciona","status":"publish","type":"page","link":"https:\/\/bigritefit.com\/esp\/como-funciona\/","title":{"rendered":"C\u00f3mo funciona"},"content":{"rendered":"\n<div class=\"wp-block-group is-layout-flow wp-block-group-is-layout-flow\" style=\"margin-top:0px;margin-bottom:0px;padding-right:15px;padding-left:15px\">\n<div style=\"margin-top:0px;margin-bottom:0px;height:41px\" aria-hidden=\"true\" class=\"wp-block-spacer is-style-has-mb-30\"><\/div>\n\n\n\n<div class=\"wp-block-group alignwide has-global-padding is-layout-constrained wp-block-group-is-layout-constrained\" style=\"margin-top:0px;margin-bottom:0px\">\n<div class=\"wp-block-group alignwide is-layout-flow wp-block-group-is-layout-flow\">\n<div class=\"wp-block-columns is-layout-flex wp-container-core-columns-is-layout-13e2ef3f wp-block-columns-is-layout-flex\">\n<div class=\"wp-block-column is-layout-flow wp-block-column-is-layout-flow\">\n<div class=\"wp-block-group is-style-services-bg-hover has-border-color has-white-background-color has-background has-global-padding is-layout-constrained wp-container-core-group-is-layout-430a0e02 wp-block-group-is-layout-constrained\" style=\"border-color:#0d173b14;border-width:1px;border-radius:12px;padding-top:32px;padding-right:32px;padding-bottom:32px;padding-left:32px\">\n<figure class=\"wp-block-image aligncenter size-large is-resized\"><img loading=\"lazy\" decoding=\"async\" width=\"1024\" height=\"1024\" src=\"https:\/\/bigritefit.com\/wp-content\/uploads\/2025\/03\/1-hazirlik-1024x1024.png\" alt=\"\" class=\"wp-image-585\" style=\"width:120px;height:auto\" srcset=\"https:\/\/bigritefit.com\/esp\/wp-content\/uploads\/2025\/03\/1-hazirlik-1024x1024.png 1024w, https:\/\/bigritefit.com\/esp\/wp-content\/uploads\/2025\/03\/1-hazirlik-300x300.png 300w, https:\/\/bigritefit.com\/esp\/wp-content\/uploads\/2025\/03\/1-hazirlik-150x150.png 150w, https:\/\/bigritefit.com\/esp\/wp-content\/uploads\/2025\/03\/1-hazirlik-768x768.png 768w, https:\/\/bigritefit.com\/esp\/wp-content\/uploads\/2025\/03\/1-hazirlik.png 1181w\" sizes=\"auto, (max-width: 1024px) 100vw, 1024px\" \/><\/figure>\n\n\n\n<h3 class=\"wp-block-heading has-text-align-left has-heading-color has-text-color has-large-font-size\" style=\"line-height:2\"><strong><strong>Preparaci\u00f3n<\/strong><\/strong><\/h3>\n\n\n\n<p>\u00a1Cree su avatar en solo 5 minutos!<br>Elija entre m\u00e1s de 30 plantillas predise\u00f1adas o utilice nuestro <strong>Generador de Entrevistas con IA<\/strong> para dise\u00f1ar su propio avatar y personalizar su plantilla a medida.<\/p>\n\n\n\n<ul class=\"wp-block-list\">\n<li>\ud83e\uddd1\u200d\ud83c\udfa8Acceso a m\u00e1s de 30 plantillas de puestos de trabajo<\/li>\n\n\n\n<li>\ud83d\udcc2Generador de entrevistas con IA en 30 idiomas<\/li>\n\n\n\n<li>\ud83c\udf10Creaci\u00f3n de entrevistas multiling\u00fces personalizadas<\/li>\n\n\n\n<li>\ud83d\udde3\ufe0fPublicaci\u00f3n en su propio portal de entrevistas<\/li>\n\n\n\n<li>\ud83d\udd0cSoporte para entrevistas privadas o v\u00eda API<\/li>\n<\/ul>\n<\/div>\n<\/div>\n\n\n\n<div class=\"wp-block-column is-layout-flow wp-block-column-is-layout-flow\">\n<div class=\"wp-block-group is-style-services-bg-hover has-border-color has-white-background-color has-background has-global-padding is-layout-constrained wp-container-core-group-is-layout-430a0e02 wp-block-group-is-layout-constrained\" style=\"border-color:#0d173b14;border-width:1px;border-radius:12px;padding-top:32px;padding-right:32px;padding-bottom:32px;padding-left:32px\">\n<figure class=\"wp-block-image aligncenter size-large is-resized\"><img loading=\"lazy\" decoding=\"async\" width=\"1024\" height=\"1024\" src=\"https:\/\/bigritefit.com\/wp-content\/uploads\/2025\/03\/2-mulakat-1024x1024.png\" alt=\"\" class=\"wp-image-586\" style=\"width:120px;height:auto\" srcset=\"https:\/\/bigritefit.com\/esp\/wp-content\/uploads\/2025\/03\/2-mulakat-1024x1024.png 1024w, https:\/\/bigritefit.com\/esp\/wp-content\/uploads\/2025\/03\/2-mulakat-300x300.png 300w, https:\/\/bigritefit.com\/esp\/wp-content\/uploads\/2025\/03\/2-mulakat-150x150.png 150w, https:\/\/bigritefit.com\/esp\/wp-content\/uploads\/2025\/03\/2-mulakat-768x768.png 768w, https:\/\/bigritefit.com\/esp\/wp-content\/uploads\/2025\/03\/2-mulakat.png 1181w\" sizes=\"auto, (max-width: 1024px) 100vw, 1024px\" \/><\/figure>\n\n\n\n<h3 class=\"wp-block-heading has-text-align-left has-heading-color has-text-color has-large-font-size\" style=\"line-height:2\"><strong><strong>Entrevista<\/strong><\/strong><\/h3>\n\n\n\n<p><strong>Entrevistas Interactivas en Tiempo Real<\/strong><\/p>\n\n\n\n<p>Transforme su proceso de selecci\u00f3n con IA conversacional que lleva la experiencia del candidato al siguiente nivel.<\/p>\n\n\n\n<p>Los candidatos conversan mediante chat de voz en vivo con un avatar inteligente, obteniendo respuestas inmediatas y personalizadas. Esta tecnolog\u00eda no solo facilita el proceso, sino que tambi\u00e9n proyecta una imagen moderna e innovadora de su empresa.<\/p>\n\n\n\n<ul class=\"wp-block-list\">\n<li>\ud83e\udd16El avatar responde preguntas sobre su empresa de forma natural<\/li>\n\n\n\n<li>\ud83c\udf99\ufe0fRegistre y analice las conversaciones con soporte de audio y video<\/li>\n\n\n\n<li>\ud83d\udd04 El avatar formula preguntas de seguimiento autom\u00e1ticamente<\/li>\n\n\n\n<li>\ud83d\udd01 Los candidatos pueden repetir la entrevista varias veces<\/li>\n\n\n\n<li>\ud83c\udf1f Ofrezca una primera impresi\u00f3n inolvidable<\/li>\n<\/ul>\n<\/div>\n<\/div>\n\n\n\n<div class=\"wp-block-column is-layout-flow wp-block-column-is-layout-flow\">\n<div class=\"wp-block-group is-style-services-bg-hover has-border-color has-white-background-color has-background has-global-padding is-layout-constrained wp-container-core-group-is-layout-430a0e02 wp-block-group-is-layout-constrained\" style=\"border-color:#0d173b14;border-width:1px;border-radius:12px;padding-top:32px;padding-right:32px;padding-bottom:32px;padding-left:32px\">\n<figure class=\"wp-block-image aligncenter size-large is-resized\"><img loading=\"lazy\" decoding=\"async\" width=\"1024\" height=\"1024\" src=\"https:\/\/bigritefit.com\/wp-content\/uploads\/2025\/03\/3-degerlendirme-1024x1024.png\" alt=\"\" class=\"wp-image-587\" style=\"width:120px;height:auto\" srcset=\"https:\/\/bigritefit.com\/esp\/wp-content\/uploads\/2025\/03\/3-degerlendirme-1024x1024.png 1024w, https:\/\/bigritefit.com\/esp\/wp-content\/uploads\/2025\/03\/3-degerlendirme-300x300.png 300w, https:\/\/bigritefit.com\/esp\/wp-content\/uploads\/2025\/03\/3-degerlendirme-150x150.png 150w, https:\/\/bigritefit.com\/esp\/wp-content\/uploads\/2025\/03\/3-degerlendirme-768x768.png 768w, https:\/\/bigritefit.com\/esp\/wp-content\/uploads\/2025\/03\/3-degerlendirme.png 1181w\" sizes=\"auto, (max-width: 1024px) 100vw, 1024px\" \/><\/figure>\n\n\n\n<h3 class=\"wp-block-heading has-text-align-left has-heading-color has-text-color has-large-font-size\" style=\"line-height:2\"><strong><strong>Evaluaci\u00f3n<\/strong><\/strong><\/h3>\n\n\n\n<p style=\"margin-top:16px;margin-right:0;margin-bottom:0px;margin-left:0;line-height:1.9\"><strong>Evaluaci\u00f3n precisa y sin sesgos<\/strong><br>Nuestra Inteligencia Artificial eval\u00faa y punt\u00faa autom\u00e1ticamente a todos los candidatos y recomienda a los m\u00e1s adecuados para la siguiente etapa. <\/p>\n\n\n\n<ul class=\"wp-block-list\">\n<li>\ud83c\udfc5Los candidatos se ordenan autom\u00e1ticamente seg\u00fan sus criterios<\/li>\n\n\n\n<li>\u23f1\ufe0fDecida en menos de 60 segundos si un candidato pasa a la siguiente ronda<\/li>\n\n\n\n<li>\ud83d\udce7 Notificaciones autom\u00e1ticas por correo electr\u00f3nico a los candidatos<\/li>\n\n\n\n<li>\ud83d\udcf2 Los candidatos pueden seguir el estado de su entrevista en el portal<\/li>\n\n\n\n<li>\ud83d\udcc4 Informes de entrevistas en PDF f\u00e1cilmente compartibles<\/li>\n\n\n\n<li>\ud83d\udcca Todas sus m\u00e9tricas de reclutamiento en un solo lugar<\/li>\n\n\n\n<li>\ud83d\udd0c Conectividad v\u00eda API e integraciones con ATS<br><\/li>\n<\/ul>\n<\/div>\n<\/div>\n<\/div>\n<\/div>\n<\/div>\n\n\n\n<div style=\"margin-top:0px;margin-bottom:0px;height:48px\" aria-hidden=\"true\" class=\"wp-block-spacer is-style-has-mb-50\"><\/div>\n<\/div>\n\n\n\n<div class=\"wp-block-group has-global-padding is-layout-constrained wp-container-core-group-is-layout-89b07ea3 wp-block-group-is-layout-constrained\" style=\"margin-top:0px;margin-bottom:0px;padding-right:15px;padding-left:15px\">\n<div class=\"wp-block-group alignwide has-global-padding is-layout-constrained wp-block-group-is-layout-constrained\" style=\"margin-top:0px;margin-bottom:0px\">\n<div class=\"wp-block-group alignfull is-content-justification-center is-nowrap is-layout-flex wp-container-core-group-is-layout-6d8a26b9 wp-block-group-is-layout-flex\" style=\"margin-top:0px;margin-bottom:0px;padding-right:0;padding-left:0\">\n<div class=\"wp-block-columns is-layout-flex wp-container-core-columns-is-layout-0308ce20 wp-block-columns-is-layout-flex\">\n<div class=\"wp-block-column is-vertically-aligned-center is-layout-flow wp-block-column-is-layout-flow\">\n<div class=\"wp-block-group has-global-padding is-content-justification-left is-layout-constrained wp-container-core-group-is-layout-db2c5d5c wp-block-group-is-layout-constrained\" style=\"margin-top:0px;margin-bottom:0px\">\n<h2 class=\"wp-block-heading\" style=\"margin-top:16px;margin-right:0px;margin-bottom:0px;margin-left:0px\"><strong>\u00a1Mejore su proceso de reclutamiento con la plataforma impulsada por IA de Baltas Group!<\/strong><\/h2>\n\n\n\n<p class=\"has-medium-font-size\" style=\"margin-top:32px;margin-right:0px;margin-bottom:0px;margin-left:0px;font-style:normal;font-weight:500;line-height:1.8\">AI Interviewing es una soluci\u00f3n dise\u00f1ada para aumentar la eficiencia optimizando el proceso de reclutamiento. Su tecnolog\u00eda basada en IA permite identificar r\u00e1pidamente a los candidatos m\u00e1s adecuados y evaluar objetivamente sus habilidades.<\/p>\n\n\n\n<div style=\"margin-top:0px;margin-bottom:0px;height:33px\" aria-hidden=\"true\" class=\"wp-block-spacer is-style-has-mb-30\"><\/div>\n<\/div>\n<\/div>\n\n\n\n<div class=\"wp-block-column is-layout-flow wp-block-column-is-layout-flow\" style=\"border-style:none;border-width:0px\">\n<div class=\"wp-block-group is-style-default is-layout-flow wp-block-group-is-layout-flow\" style=\"border-radius:12px\">\n<figure class=\"wp-block-image alignfull size-full\"><img loading=\"lazy\" decoding=\"async\" width=\"683\" height=\"454\" src=\"http:\/\/bigritefit.com\/wp-content\/uploads\/2025\/03\/avatar.jpg\" alt=\"\" class=\"wp-image-148\" srcset=\"https:\/\/bigritefit.com\/esp\/wp-content\/uploads\/2025\/03\/avatar.jpg 683w, https:\/\/bigritefit.com\/esp\/wp-content\/uploads\/2025\/03\/avatar-300x199.jpg 300w\" sizes=\"auto, (max-width: 683px) 100vw, 683px\" \/><\/figure>\n<\/div>\n<\/div>\n<\/div>\n<\/div>\n<\/div>\n<\/div>\n","protected":false},"excerpt":{"rendered":"<p>Preparaci\u00f3n \u00a1Cree su avatar en solo 5 minutos!Elija entre m\u00e1s de 30 plantillas predise\u00f1adas o utilice nuestro Generador de Entrevistas con IA para dise\u00f1ar su propio avatar y personalizar su plantilla a medida. Entrevista Entrevistas Interactivas en Tiempo Real Transforme su proceso de selecci\u00f3n con IA conversacional que lleva la experiencia del candidato al siguiente [&hellip;]<\/p>\n","protected":false},"author":1,"featured_media":0,"parent":0,"menu_order":0,"comment_status":"closed","ping_status":"closed","template":"","meta":{"footnotes":""},"class_list":["post-436","page","type-page","status-publish","hentry"],"aioseo_notices":[],"_links":{"self":[{"href":"https:\/\/bigritefit.com\/esp\/wp-json\/wp\/v2\/pages\/436","targetHints":{"allow":["GET"]}}],"collection":[{"href":"https:\/\/bigritefit.com\/esp\/wp-json\/wp\/v2\/pages"}],"about":[{"href":"https:\/\/bigritefit.com\/esp\/wp-json\/wp\/v2\/types\/page"}],"author":[{"embeddable":true,"href":"https:\/\/bigritefit.com\/esp\/wp-json\/wp\/v2\/users\/1"}],"replies":[{"embeddable":true,"href":"https:\/\/bigritefit.com\/esp\/wp-json\/wp\/v2\/comments?post=436"}],"version-history":[{"count":19,"href":"https:\/\/bigritefit.com\/esp\/wp-json\/wp\/v2\/pages\/436\/revisions"}],"predecessor-version":[{"id":903,"href":"https:\/\/bigritefit.com\/esp\/wp-json\/wp\/v2\/pages\/436\/revisions\/903"}],"wp:attachment":[{"href":"https:\/\/bigritefit.com\/esp\/wp-json\/wp\/v2\/media?parent=436"}],"curies":[{"name":"wp","href":"https:\/\/api.w.org\/{rel}","templated":true}]}}