{"id":445,"date":"2025-03-21T11:07:58","date_gmt":"2025-03-21T08:07:58","guid":{"rendered":"https:\/\/bigritefit.com\/?page_id=445"},"modified":"2025-09-30T14:18:19","modified_gmt":"2025-09-30T11:18:19","slug":"contactanos","status":"publish","type":"page","link":"https:\/\/bigritefit.com\/esp\/contactanos\/","title":{"rendered":"Cont\u00e1ctanos"},"content":{"rendered":"\n<div class=\"wp-block-group alignwide has-background has-global-padding is-layout-constrained wp-container-core-group-is-layout-465a2fef wp-block-group-is-layout-constrained\" style=\"border-radius:20px;background:linear-gradient(88deg,#5DA7FE -10.27%,#3773FE 107.99%);padding-top:0;padding-right:0;padding-bottom:0;padding-left:0\">\n<div class=\"wp-block-columns alignwide is-layout-flex wp-container-core-columns-is-layout-28f84493 wp-block-columns-is-layout-flex\">\n<div class=\"wp-block-column is-layout-flow wp-block-column-is-layout-flow\">\n<div class=\"wp-block-group has-global-padding is-layout-constrained wp-container-core-group-is-layout-3b0258e3 wp-block-group-is-layout-constrained\" style=\"margin-top:0px;margin-bottom:0px;padding-top:0;padding-right:0;padding-bottom:0;padding-left:0\">\n<div style=\"margin-top:0px;margin-bottom:0px;height:59px\" aria-hidden=\"true\" class=\"wp-block-spacer is-style-has-mb-40\"><\/div>\n\n\n\n<div class=\"wp-block-group alignfull is-content-justification-center is-nowrap is-layout-flex wp-container-core-group-is-layout-1d1e5cf5 wp-block-group-is-layout-flex\" style=\"margin-top:0px;margin-bottom:0px\">\n<div class=\"wp-block-group alignwide is-content-justification-center is-nowrap is-layout-flex wp-container-core-group-is-layout-1d1e5cf5 wp-block-group-is-layout-flex\" style=\"margin-top:0px;margin-bottom:0px\">\n<p class=\"has-text-align-center has-text-color has-medium-font-size\" style=\"color:#ffffffcc\">Puede completar el formulario para que podamos responder a sus preguntas sobre este servicio. Le contestaremos lo antes posible.<\/p>\n<\/div>\n<\/div>\n<\/div>\n<\/div>\n<\/div>\n\n\n\n<div class=\"wp-block-media-text alignwide has-media-on-the-right is-stacked-on-mobile is-vertically-aligned-bottom is-style-no-padding\" style=\"padding-top:0;padding-right:0;padding-bottom:0;padding-left:0;grid-template-columns:auto 52%\"><div class=\"wp-block-media-text__content\">\n<div class=\"wp-block-group has-global-padding is-layout-constrained wp-container-core-group-is-layout-2db85703 wp-block-group-is-layout-constrained\" style=\"border-radius:0px;margin-top:0px;margin-bottom:0px;padding-top:0;padding-right:0;padding-bottom:0;padding-left:0\">\n<div id=\"rnef_69e0b5640de7b\" class=\"RNEasyFormContainer\" data-varid=\"69e0b5640de7b\"><\/div>\n\n\n\n<div style=\"height:21px;width:0px\" aria-hidden=\"true\" class=\"wp-block-spacer is-style-has-mb-40\"><\/div>\n<\/div>\n<\/div><figure class=\"wp-block-media-text__media\"><img loading=\"lazy\" decoding=\"async\" width=\"800\" height=\"990\" src=\"https:\/\/bigritefit.com\/wp-content\/uploads\/2025\/02\/yardimci-e1703596807184.png\" alt=\"\" class=\"wp-image-167 size-full\" srcset=\"https:\/\/bigritefit.com\/esp\/wp-content\/uploads\/2025\/02\/yardimci-e1703596807184.png 800w, https:\/\/bigritefit.com\/esp\/wp-content\/uploads\/2025\/02\/yardimci-e1703596807184-242x300.png 242w, https:\/\/bigritefit.com\/esp\/wp-content\/uploads\/2025\/02\/yardimci-e1703596807184-768x950.png 768w\" sizes=\"auto, (max-width: 800px) 100vw, 800px\" \/><\/figure><\/div>\n<\/div>\n\n\n\n<div style=\"height:18px\" aria-hidden=\"true\" class=\"wp-block-spacer\"><\/div>\n\n\n\n<div class=\"wp-block-group alignfull has-white-background-color has-background has-global-padding is-layout-constrained wp-container-core-group-is-layout-2963ea01 wp-block-group-is-layout-constrained\" style=\"margin-top:0px;margin-bottom:0px;padding-top:0px;padding-right:15px;padding-bottom:0px;padding-left:15px\">\n<div style=\"margin-top:0px;margin-bottom:0px;height:68px\" aria-hidden=\"true\" class=\"wp-block-spacer is-style-has-mb-30\"><\/div>\n\n\n\n<div class=\"wp-block-columns alignwide is-layout-flex wp-container-core-columns-is-layout-e34f2f74 wp-block-columns-is-layout-flex\" style=\"margin-top:0px;margin-bottom:0px;padding-top:0px;padding-right:0px;padding-bottom:0px;padding-left:0px\">\n<div class=\"wp-block-column is-layout-flow wp-block-column-is-layout-flow\" style=\"flex-basis:648px\">\n<div class=\"wp-block-group has-global-padding is-layout-constrained wp-container-core-group-is-layout-ae02faf7 wp-block-group-is-layout-constrained\" style=\"margin-top:0px;margin-bottom:0px;padding-top:0px;padding-right:0px;padding-bottom:0px;padding-left:0px\">\n<h2 class=\"wp-block-heading\" style=\"margin-right:0px;margin-bottom:0px;margin-left:0px\"><strong>Blog: Art\u00edculos actuales sobre RR.HH. e IA<\/strong><\/h2>\n<\/div>\n<\/div>\n\n\n\n<div class=\"wp-block-column is-layout-flow wp-block-column-is-layout-flow\" style=\"padding-top:0px;padding-right:0px;padding-bottom:0px;padding-left:0px;flex-basis:536px\">\n<p class=\"has-medium-font-size\">Mantente al d\u00eda con los \u00faltimos contenidos del mundo empresarial en tus procesos de reclutamiento con inteligencia artificial.<\/p>\n<\/div>\n<\/div>\n\n\n\n<div class=\"wp-block-group alignwide has-global-padding is-layout-constrained wp-block-group-is-layout-constrained\">\n<div class=\"wp-block-query alignwide is-style-mg-0 is-layout-flow wp-block-query-is-layout-flow\">\n<div style=\"margin-top:0px;margin-bottom:0px;height:42px\" aria-hidden=\"true\" class=\"wp-block-spacer is-style-has-mb-40\"><\/div>\n\n\n<ul class=\"columns-3 is-style-hover-animation is-style-mg-0 wp-block-post-template has-figtree-font-family is-layout-grid wp-container-core-post-template-is-layout-6d3fbd8f wp-block-post-template-is-layout-grid\"><li class=\"wp-block-post post-646 post type-post status-publish format-standard has-post-thumbnail hentry category-inteligencia-artificial tag-aplicaciones-digitales tag-digital tag-mundo-digital tag-rrhh\">\n<figure style=\"aspect-ratio:4\/3; margin-bottom:0px;margin-top:0px;\" class=\"fr-hover-scale-img wp-block-post-featured-image\"><a href=\"https:\/\/bigritefit.com\/esp\/el-mundo-digital-la-mayor-arma-de-rrhh\/\" target=\"_self\"  ><img loading=\"lazy\" decoding=\"async\" width=\"2560\" height=\"1156\" src=\"https:\/\/bigritefit.com\/esp\/wp-content\/uploads\/2025\/04\/Dijital-Dunya-IKnin-En-Buyuk-Silahi-scaled.jpg\" class=\"attachment-post-thumbnail size-post-thumbnail wp-post-image\" alt=\"El mundo digital: la mayor arma de RRHH\" style=\"border-top-left-radius:12px;border-top-right-radius:12px;border-bottom-left-radius:0px;border-bottom-right-radius:0px;width:100%;height:100%;object-fit:cover;\" srcset=\"https:\/\/bigritefit.com\/esp\/wp-content\/uploads\/2025\/04\/Dijital-Dunya-IKnin-En-Buyuk-Silahi-scaled.jpg 2560w, https:\/\/bigritefit.com\/esp\/wp-content\/uploads\/2025\/04\/Dijital-Dunya-IKnin-En-Buyuk-Silahi-300x135.jpg 300w, https:\/\/bigritefit.com\/esp\/wp-content\/uploads\/2025\/04\/Dijital-Dunya-IKnin-En-Buyuk-Silahi-1024x462.jpg 1024w, https:\/\/bigritefit.com\/esp\/wp-content\/uploads\/2025\/04\/Dijital-Dunya-IKnin-En-Buyuk-Silahi-768x347.jpg 768w, https:\/\/bigritefit.com\/esp\/wp-content\/uploads\/2025\/04\/Dijital-Dunya-IKnin-En-Buyuk-Silahi-1536x694.jpg 1536w, https:\/\/bigritefit.com\/esp\/wp-content\/uploads\/2025\/04\/Dijital-Dunya-IKnin-En-Buyuk-Silahi-2048x925.jpg 2048w\" sizes=\"auto, (max-width: 2560px) 100vw, 2560px\" \/><\/a><\/figure>\n\n\n<div class=\"wp-block-group has-white-background-color has-background is-layout-flow wp-container-core-group-is-layout-0b93f583 wp-block-group-is-layout-flow\" style=\"border-top-left-radius:0px;border-top-right-radius:0px;border-bottom-left-radius:12px;border-bottom-right-radius:12px;margin-top:0px;margin-bottom:0px;padding-top:24px;padding-right:24px;padding-bottom:24px;padding-left:24px\">\n<div class=\"wp-block-group is-nowrap is-layout-flex wp-container-core-group-is-layout-be2ef28a wp-block-group-is-layout-flex\"><div style=\"font-size:14px;font-style:normal;font-weight:400\" class=\"taxonomy-category has-text-align-left has-link-color is-style-blockscape-tags-nounder wp-elements-1b903ff76e5fc514fc43ca05edaab1e9 wp-block-post-terms\"><a href=\"https:\/\/bigritefit.com\/esp\/category\/inteligencia-artificial\/\" rel=\"tag\">Inteligencia artificial<\/a><\/div><\/div>\n\n\n<h3 style=\"line-height:1.6;letter-spacing:-0.02em; margin-top:8px;\" class=\"wp-block-post-title has-medium-large-font-size\"><a href=\"https:\/\/bigritefit.com\/esp\/el-mundo-digital-la-mayor-arma-de-rrhh\/\" target=\"_self\" >El mundo digital: la mayor arma de RRHH<\/a><\/h3>\n\n<div style=\"margin-top:16px;\" class=\"is-style-show-three-lines wp-block-post-excerpt has-text-color has-lightgrey-color\"><p class=\"wp-block-post-excerpt__excerpt\">En esta nueva era, donde la necesidad de informaci\u00f3n basada en datos debe satisfacerse con la mayor precisi\u00f3n, el acceso a la &#8220;memoria corporativa&#8221; es la oportunidad m\u00e1s importante que enfrenta RR. HH. La TI es un componente necesario de RR. HH., y los proyectos deben avanzar de la mano de la TI durante sus<\/p><p class=\"wp-block-post-excerpt__more-text\"><a class=\"wp-block-post-excerpt__more-link\" href=\"https:\/\/bigritefit.com\/esp\/el-mundo-digital-la-mayor-arma-de-rrhh\/\">Leer m\u00e1s \u2192<\/a><\/p><\/div><style scoped>.is-style-show-three-lines>p{display: -webkit-box;-webkit-line-clamp: 3;-webkit-box-orient: vertical;  overflow: hidden; margin:0} .wp-block-post-excerpt.is-style-show-three-lines .wp-block-post-excerpt__more-text{ margin-top: 24px;}<\/style><\/div>\n\n<\/li><li class=\"wp-block-post post-641 post type-post status-publish format-standard has-post-thumbnail hentry category-inteligencia-artificial tag-digital tag-estrategia-empresarial tag-innovacion tag-innovacion-y-digital tag-negocios tag-rrhh tag-rrhh-digitales\">\n<figure style=\"aspect-ratio:4\/3; margin-bottom:0px;margin-top:0px;\" class=\"fr-hover-scale-img wp-block-post-featured-image\"><a href=\"https:\/\/bigritefit.com\/esp\/estrategia-empresarial-innovacion-y-rrhh-digitales\/\" target=\"_self\"  ><img loading=\"lazy\" decoding=\"async\" width=\"1024\" height=\"469\" src=\"https:\/\/bigritefit.com\/esp\/wp-content\/uploads\/2025\/04\/Is-Stratejisi-Inovasyon-ve-Dijital-IK-1024x469-1.jpg\" class=\"attachment-post-thumbnail size-post-thumbnail wp-post-image\" alt=\"Estrategia empresarial, innovaci\u00f3n y RRHH digitales\" style=\"border-top-left-radius:12px;border-top-right-radius:12px;border-bottom-left-radius:0px;border-bottom-right-radius:0px;width:100%;height:100%;object-fit:cover;\" srcset=\"https:\/\/bigritefit.com\/esp\/wp-content\/uploads\/2025\/04\/Is-Stratejisi-Inovasyon-ve-Dijital-IK-1024x469-1.jpg 1024w, https:\/\/bigritefit.com\/esp\/wp-content\/uploads\/2025\/04\/Is-Stratejisi-Inovasyon-ve-Dijital-IK-1024x469-1-300x137.jpg 300w, https:\/\/bigritefit.com\/esp\/wp-content\/uploads\/2025\/04\/Is-Stratejisi-Inovasyon-ve-Dijital-IK-1024x469-1-768x352.jpg 768w\" sizes=\"auto, (max-width: 1024px) 100vw, 1024px\" \/><\/a><\/figure>\n\n\n<div class=\"wp-block-group has-white-background-color has-background is-layout-flow wp-container-core-group-is-layout-0b93f583 wp-block-group-is-layout-flow\" style=\"border-top-left-radius:0px;border-top-right-radius:0px;border-bottom-left-radius:12px;border-bottom-right-radius:12px;margin-top:0px;margin-bottom:0px;padding-top:24px;padding-right:24px;padding-bottom:24px;padding-left:24px\">\n<div class=\"wp-block-group is-nowrap is-layout-flex wp-container-core-group-is-layout-be2ef28a wp-block-group-is-layout-flex\"><div style=\"font-size:14px;font-style:normal;font-weight:400\" class=\"taxonomy-category has-text-align-left has-link-color is-style-blockscape-tags-nounder wp-elements-1b903ff76e5fc514fc43ca05edaab1e9 wp-block-post-terms\"><a href=\"https:\/\/bigritefit.com\/esp\/category\/inteligencia-artificial\/\" rel=\"tag\">Inteligencia artificial<\/a><\/div><\/div>\n\n\n<h3 style=\"line-height:1.6;letter-spacing:-0.02em; margin-top:8px;\" class=\"wp-block-post-title has-medium-large-font-size\"><a href=\"https:\/\/bigritefit.com\/esp\/estrategia-empresarial-innovacion-y-rrhh-digitales\/\" target=\"_self\" >Estrategia empresarial, innovaci\u00f3n y RRHH digitales<\/a><\/h3>\n\n<div style=\"margin-top:16px;\" class=\"is-style-show-three-lines wp-block-post-excerpt has-text-color has-lightgrey-color\"><p class=\"wp-block-post-excerpt__excerpt\">La estrategia se relaciona principalmente con el mundo externo y la competencia. En la literatura, se considera un concepto que define lo que una organizaci\u00f3n hace o pretende hacer, sus metas, objetivos y tareas, y los m\u00e9todos que considera necesarios para alcanzarlos. Implica ser capaz de reconocer o gestionar los cambios en las preferencias de<\/p><p class=\"wp-block-post-excerpt__more-text\"><a class=\"wp-block-post-excerpt__more-link\" href=\"https:\/\/bigritefit.com\/esp\/estrategia-empresarial-innovacion-y-rrhh-digitales\/\">Leer m\u00e1s \u2192<\/a><\/p><\/div><style scoped>.is-style-show-three-lines>p{display: -webkit-box;-webkit-line-clamp: 3;-webkit-box-orient: vertical;  overflow: hidden; margin:0} .wp-block-post-excerpt.is-style-show-three-lines .wp-block-post-excerpt__more-text{ margin-top: 24px;}<\/style><\/div>\n\n<\/li><li class=\"wp-block-post post-635 post type-post status-publish format-standard has-post-thumbnail hentry category-inteligencia-artificial tag-cambio tag-cultura tag-digital tag-gerente tag-innovacion tag-lider tag-pandemia\">\n<figure style=\"aspect-ratio:4\/3; margin-bottom:0px;margin-top:0px;\" class=\"fr-hover-scale-img wp-block-post-featured-image\"><a href=\"https:\/\/bigritefit.com\/esp\/la-humanidad-necesita-nuevas-historias-de-metamorfosis\/\" target=\"_self\"  ><img loading=\"lazy\" decoding=\"async\" width=\"1024\" height=\"469\" src=\"https:\/\/bigritefit.com\/esp\/wp-content\/uploads\/2025\/04\/Insanligin-Yeni-Metamorfoz-Hikayelerine-Ihtiyaci-Var-1024x469-1.jpg\" class=\"attachment-post-thumbnail size-post-thumbnail wp-post-image\" alt=\"\u00a1La humanidad necesita nuevas historias de metamorfosis!\" style=\"border-top-left-radius:12px;border-top-right-radius:12px;border-bottom-left-radius:0px;border-bottom-right-radius:0px;width:100%;height:100%;object-fit:cover;\" srcset=\"https:\/\/bigritefit.com\/esp\/wp-content\/uploads\/2025\/04\/Insanligin-Yeni-Metamorfoz-Hikayelerine-Ihtiyaci-Var-1024x469-1.jpg 1024w, https:\/\/bigritefit.com\/esp\/wp-content\/uploads\/2025\/04\/Insanligin-Yeni-Metamorfoz-Hikayelerine-Ihtiyaci-Var-1024x469-1-300x137.jpg 300w, https:\/\/bigritefit.com\/esp\/wp-content\/uploads\/2025\/04\/Insanligin-Yeni-Metamorfoz-Hikayelerine-Ihtiyaci-Var-1024x469-1-768x352.jpg 768w\" sizes=\"auto, (max-width: 1024px) 100vw, 1024px\" \/><\/a><\/figure>\n\n\n<div class=\"wp-block-group has-white-background-color has-background is-layout-flow wp-container-core-group-is-layout-0b93f583 wp-block-group-is-layout-flow\" style=\"border-top-left-radius:0px;border-top-right-radius:0px;border-bottom-left-radius:12px;border-bottom-right-radius:12px;margin-top:0px;margin-bottom:0px;padding-top:24px;padding-right:24px;padding-bottom:24px;padding-left:24px\">\n<div class=\"wp-block-group is-nowrap is-layout-flex wp-container-core-group-is-layout-be2ef28a wp-block-group-is-layout-flex\"><div style=\"font-size:14px;font-style:normal;font-weight:400\" class=\"taxonomy-category has-text-align-left has-link-color is-style-blockscape-tags-nounder wp-elements-1b903ff76e5fc514fc43ca05edaab1e9 wp-block-post-terms\"><a href=\"https:\/\/bigritefit.com\/esp\/category\/inteligencia-artificial\/\" rel=\"tag\">Inteligencia artificial<\/a><\/div><\/div>\n\n\n<h3 style=\"line-height:1.6;letter-spacing:-0.02em; margin-top:8px;\" class=\"wp-block-post-title has-medium-large-font-size\"><a href=\"https:\/\/bigritefit.com\/esp\/la-humanidad-necesita-nuevas-historias-de-metamorfosis\/\" target=\"_self\" >\u00a1La humanidad necesita nuevas historias de metamorfosis!<\/a><\/h3>\n\n<div style=\"margin-top:16px;\" class=\"is-style-show-three-lines wp-block-post-excerpt has-text-color has-lightgrey-color\"><p class=\"wp-block-post-excerpt__excerpt\">Las personas, las expectativas, las formas de hacer negocios, las profesiones; el entusiasmo de las sociedades, las culturas y, con ellas, nuestro mundo, est\u00e1n cambiando. Nuevas normas est\u00e1n reemplazando viejos h\u00e1bitos y reglas a los que nos adaptamos sin dificultad, y el mundo familiar en el que nacimos est\u00e1 dando paso a un futuro lleno<\/p><p class=\"wp-block-post-excerpt__more-text\"><a class=\"wp-block-post-excerpt__more-link\" href=\"https:\/\/bigritefit.com\/esp\/la-humanidad-necesita-nuevas-historias-de-metamorfosis\/\">Leer m\u00e1s \u2192<\/a><\/p><\/div><style scoped>.is-style-show-three-lines>p{display: -webkit-box;-webkit-line-clamp: 3;-webkit-box-orient: vertical;  overflow: hidden; margin:0} .wp-block-post-excerpt.is-style-show-three-lines .wp-block-post-excerpt__more-text{ margin-top: 24px;}<\/style><\/div>\n\n<\/li><\/ul><\/div>\n<\/div>\n\n\n\n<div style=\"margin-top:0px;margin-bottom:0px;height:40px\" aria-hidden=\"true\" class=\"wp-block-spacer is-style-has-mb-30\"><\/div>\n\n\n\n<div class=\"wp-block-buttons is-content-justification-center is-layout-flex wp-container-core-buttons-is-layout-9f424d90 wp-block-buttons-is-layout-flex\" style=\"margin-top:0px;margin-bottom:0px\">\n<div class=\"wp-block-button is-style-bs-button-1 is-style-blockscape-button-icon-after\"><a class=\"wp-block-button__link wp-element-button\" href=\"https:\/\/bigritefit.com\/esp\/son-yazilar-blog\/\">Todos los art\u00edculos<\/a><\/div>\n<\/div>\n\n\n\n<div style=\"margin-top:0px;margin-bottom:0px;height:83px\" aria-hidden=\"true\" class=\"wp-block-spacer is-style-has-mb-50\"><\/div>\n<\/div>\n","protected":false},"excerpt":{"rendered":"<p>Puede completar el formulario para que podamos responder a sus preguntas sobre este servicio. Le contestaremos lo antes posible.<\/p>\n","protected":false},"author":1,"featured_media":0,"parent":0,"menu_order":0,"comment_status":"closed","ping_status":"closed","template":"","meta":{"footnotes":""},"class_list":["post-445","page","type-page","status-publish","hentry"],"aioseo_notices":[],"_links":{"self":[{"href":"https:\/\/bigritefit.com\/esp\/wp-json\/wp\/v2\/pages\/445","targetHints":{"allow":["GET"]}}],"collection":[{"href":"https:\/\/bigritefit.com\/esp\/wp-json\/wp\/v2\/pages"}],"about":[{"href":"https:\/\/bigritefit.com\/esp\/wp-json\/wp\/v2\/types\/page"}],"author":[{"embeddable":true,"href":"https:\/\/bigritefit.com\/esp\/wp-json\/wp\/v2\/users\/1"}],"replies":[{"embeddable":true,"href":"https:\/\/bigritefit.com\/esp\/wp-json\/wp\/v2\/comments?post=445"}],"version-history":[{"count":17,"href":"https:\/\/bigritefit.com\/esp\/wp-json\/wp\/v2\/pages\/445\/revisions"}],"predecessor-version":[{"id":913,"href":"https:\/\/bigritefit.com\/esp\/wp-json\/wp\/v2\/pages\/445\/revisions\/913"}],"wp:attachment":[{"href":"https:\/\/bigritefit.com\/esp\/wp-json\/wp\/v2\/media?parent=445"}],"curies":[{"name":"wp","href":"https:\/\/api.w.org\/{rel}","templated":true}]}}