{"id":436,"date":"2025-03-21T10:39:26","date_gmt":"2025-03-21T07:39:26","guid":{"rendered":"https:\/\/bigritefit.com\/?page_id=436"},"modified":"2025-09-29T14:12:15","modified_gmt":"2025-09-29T11:12:15","slug":"comment-ca-marche","status":"publish","type":"page","link":"https:\/\/bigritefit.com\/fr\/comment-ca-marche\/","title":{"rendered":"Comment \u00e7a marche"},"content":{"rendered":"\n<div class=\"wp-block-group is-layout-flow wp-block-group-is-layout-flow\" style=\"margin-top:0px;margin-bottom:0px;padding-right:15px;padding-left:15px\">\n<div style=\"margin-top:0px;margin-bottom:0px;height:41px\" aria-hidden=\"true\" class=\"wp-block-spacer is-style-has-mb-30\"><\/div>\n\n\n\n<div class=\"wp-block-group alignwide has-global-padding is-layout-constrained wp-block-group-is-layout-constrained\" style=\"margin-top:0px;margin-bottom:0px\">\n<div class=\"wp-block-group alignwide is-layout-flow wp-block-group-is-layout-flow\">\n<div class=\"wp-block-columns is-layout-flex wp-container-core-columns-is-layout-13e2ef3f wp-block-columns-is-layout-flex\">\n<div class=\"wp-block-column is-layout-flow wp-block-column-is-layout-flow\">\n<div class=\"wp-block-group is-style-services-bg-hover has-border-color has-white-background-color has-background has-global-padding is-layout-constrained wp-container-core-group-is-layout-430a0e02 wp-block-group-is-layout-constrained\" style=\"border-color:#0d173b14;border-width:1px;border-radius:12px;padding-top:32px;padding-right:32px;padding-bottom:32px;padding-left:32px\">\n<figure class=\"wp-block-image aligncenter size-large is-resized\"><img loading=\"lazy\" decoding=\"async\" width=\"1024\" height=\"1024\" src=\"https:\/\/bigritefit.com\/wp-content\/uploads\/2025\/03\/1-hazirlik-1024x1024.png\" alt=\"\" class=\"wp-image-585\" style=\"width:120px;height:auto\" srcset=\"https:\/\/bigritefit.com\/fr\/wp-content\/uploads\/2025\/03\/1-hazirlik-1024x1024.png 1024w, https:\/\/bigritefit.com\/fr\/wp-content\/uploads\/2025\/03\/1-hazirlik-300x300.png 300w, https:\/\/bigritefit.com\/fr\/wp-content\/uploads\/2025\/03\/1-hazirlik-150x150.png 150w, https:\/\/bigritefit.com\/fr\/wp-content\/uploads\/2025\/03\/1-hazirlik-768x768.png 768w, https:\/\/bigritefit.com\/fr\/wp-content\/uploads\/2025\/03\/1-hazirlik.png 1181w\" sizes=\"auto, (max-width: 1024px) 100vw, 1024px\" \/><\/figure>\n\n\n\n<h3 class=\"wp-block-heading has-text-align-left has-heading-color has-text-color has-large-font-size\" style=\"line-height:2\"><strong>Pr\u00e9paration<\/strong><\/h3>\n\n\n\n<p>Pr\u00e9parez votre avatar en seulement 5 minutes ! Choisissez parmi plus de 30 mod\u00e8les pr\u00eats \u00e0 l\u2019emploi ou cr\u00e9ez le v\u00f4tre gr\u00e2ce \u00e0 notre G\u00e9n\u00e9rateur d\u2019Entretiens IA, puis personnalisez votre propre mod\u00e8le.<\/p>\n\n\n\n<ul class=\"wp-block-list\">\n<li>Acc\u00e9dez \u00e0 plus de 30 mod\u00e8les d\u2019entretien<\/li>\n\n\n\n<li>G\u00e9n\u00e9rateur d\u2019entretiens IA disponible en 30 langues<\/li>\n\n\n\n<li>Cr\u00e9ez des entretiens multilingues personnalis\u00e9s<\/li>\n\n\n\n<li>Publiez-les sur votre propre portail d\u2019entretiens<\/li>\n\n\n\n<li>Support pour des entretiens non list\u00e9s \/ via API<\/li>\n<\/ul>\n<\/div>\n<\/div>\n\n\n\n<div class=\"wp-block-column is-layout-flow wp-block-column-is-layout-flow\">\n<div class=\"wp-block-group is-style-services-bg-hover has-border-color has-white-background-color has-background has-global-padding is-layout-constrained wp-container-core-group-is-layout-430a0e02 wp-block-group-is-layout-constrained\" style=\"border-color:#0d173b14;border-width:1px;border-radius:12px;padding-top:32px;padding-right:32px;padding-bottom:32px;padding-left:32px\">\n<figure class=\"wp-block-image aligncenter size-large is-resized\"><img loading=\"lazy\" decoding=\"async\" width=\"1024\" height=\"1024\" src=\"https:\/\/bigritefit.com\/wp-content\/uploads\/2025\/03\/2-mulakat-1024x1024.png\" alt=\"\" class=\"wp-image-586\" style=\"width:120px;height:auto\" srcset=\"https:\/\/bigritefit.com\/fr\/wp-content\/uploads\/2025\/03\/2-mulakat-1024x1024.png 1024w, https:\/\/bigritefit.com\/fr\/wp-content\/uploads\/2025\/03\/2-mulakat-300x300.png 300w, https:\/\/bigritefit.com\/fr\/wp-content\/uploads\/2025\/03\/2-mulakat-150x150.png 150w, https:\/\/bigritefit.com\/fr\/wp-content\/uploads\/2025\/03\/2-mulakat-768x768.png 768w, https:\/\/bigritefit.com\/fr\/wp-content\/uploads\/2025\/03\/2-mulakat.png 1181w\" sizes=\"auto, (max-width: 1024px) 100vw, 1024px\" \/><\/figure>\n\n\n\n<h3 class=\"wp-block-heading has-text-align-left has-heading-color has-text-color has-large-font-size\" style=\"line-height:2\"><strong>Entretien<\/strong><\/h3>\n\n\n\n<p>Entretien interactif et en temps r\u00e9el, les candidats communiquent par chat vocal en direct avec l\u2019avatar IA et re\u00e7oivent imm\u00e9diatement des r\u00e9ponses \u00e0 leurs questions.<\/p>\n\n\n\n<p>Ils dialoguent avec un recruteur num\u00e9rique personnalis\u00e9 \u00e0 l\u2019image de votre marque.<\/p>\n\n\n\n<ul class=\"wp-block-list\">\n<li>L\u2019avatar r\u00e9pond aux questions des candidats sur votre entreprise<\/li>\n\n\n\n<li>Capturez les analyses de conversation et organisez les enregistrements audio\/vid\u00e9o<\/li>\n\n\n\n<li>L\u2019avatar pose automatiquement des questions de suivi<\/li>\n\n\n\n<li>Les candidats peuvent tenter plusieurs entretiens<\/li>\n\n\n\n<li>Cr\u00e9ez une premi\u00e8re impression m\u00e9morable<\/li>\n<\/ul>\n<\/div>\n<\/div>\n\n\n\n<div class=\"wp-block-column is-layout-flow wp-block-column-is-layout-flow\">\n<div class=\"wp-block-group is-style-services-bg-hover has-border-color has-white-background-color has-background has-global-padding is-layout-constrained wp-container-core-group-is-layout-430a0e02 wp-block-group-is-layout-constrained\" style=\"border-color:#0d173b14;border-width:1px;border-radius:12px;padding-top:32px;padding-right:32px;padding-bottom:32px;padding-left:32px\">\n<figure class=\"wp-block-image aligncenter size-large is-resized\"><img loading=\"lazy\" decoding=\"async\" width=\"1024\" height=\"1024\" src=\"https:\/\/bigritefit.com\/wp-content\/uploads\/2025\/03\/3-degerlendirme-1024x1024.png\" alt=\"\" class=\"wp-image-587\" style=\"width:120px;height:auto\" srcset=\"https:\/\/bigritefit.com\/fr\/wp-content\/uploads\/2025\/03\/3-degerlendirme-1024x1024.png 1024w, https:\/\/bigritefit.com\/fr\/wp-content\/uploads\/2025\/03\/3-degerlendirme-300x300.png 300w, https:\/\/bigritefit.com\/fr\/wp-content\/uploads\/2025\/03\/3-degerlendirme-150x150.png 150w, https:\/\/bigritefit.com\/fr\/wp-content\/uploads\/2025\/03\/3-degerlendirme-768x768.png 768w, https:\/\/bigritefit.com\/fr\/wp-content\/uploads\/2025\/03\/3-degerlendirme.png 1181w\" sizes=\"auto, (max-width: 1024px) 100vw, 1024px\" \/><\/figure>\n\n\n\n<h3 class=\"wp-block-heading has-text-align-left has-heading-color has-text-color has-large-font-size\" style=\"line-height:2\">E<strong>valuation<\/strong><\/h3>\n\n\n\n<p style=\"margin-top:16px;margin-right:0;margin-bottom:0px;margin-left:0;line-height:1.9\">\u00c9valuation objective et sans biais<br>Notre IA \u00e9value automatiquement tous les candidats, leur attribue une note et recommande les plus adapt\u00e9s pour l\u2019\u00e9tape suivante.<\/p>\n\n\n\n<ul class=\"wp-block-list\">\n<li>Classement automatique des candidats selon leur ad\u00e9quation<\/li>\n\n\n\n<li>D\u00e9cidez en moins de 60 secondes de faire passer un candidat \u00e0 l\u2019\u00e9tape suivante<\/li>\n\n\n\n<li>Notifications automatiques envoy\u00e9es par e-mail aux candidats<\/li>\n\n\n\n<li>Suivi du statut de l\u2019entretien par les candidats via le portail<\/li>\n\n\n\n<li>Rapports d\u2019entretien partageables au format PDF<\/li>\n\n\n\n<li>Connexion API et int\u00e9grations ATS<\/li>\n<\/ul>\n<\/div>\n<\/div>\n<\/div>\n<\/div>\n<\/div>\n\n\n\n<div style=\"margin-top:0px;margin-bottom:0px;height:48px\" aria-hidden=\"true\" class=\"wp-block-spacer is-style-has-mb-50\"><\/div>\n<\/div>\n\n\n\n<div class=\"wp-block-group has-global-padding is-layout-constrained wp-container-core-group-is-layout-89b07ea3 wp-block-group-is-layout-constrained\" style=\"margin-top:0px;margin-bottom:0px;padding-right:15px;padding-left:15px\">\n<div class=\"wp-block-group alignwide has-global-padding is-layout-constrained wp-block-group-is-layout-constrained\" style=\"margin-top:0px;margin-bottom:0px\">\n<div class=\"wp-block-group alignfull is-content-justification-center is-nowrap is-layout-flex wp-container-core-group-is-layout-6d8a26b9 wp-block-group-is-layout-flex\" style=\"margin-top:0px;margin-bottom:0px;padding-right:0;padding-left:0\">\n<div class=\"wp-block-columns is-layout-flex wp-container-core-columns-is-layout-0308ce20 wp-block-columns-is-layout-flex\">\n<div class=\"wp-block-column is-vertically-aligned-center is-layout-flow wp-block-column-is-layout-flow\">\n<div class=\"wp-block-group has-global-padding is-content-justification-left is-layout-constrained wp-container-core-group-is-layout-db2c5d5c wp-block-group-is-layout-constrained\" style=\"margin-top:0px;margin-bottom:0px\">\n<h2 class=\"wp-block-heading\" style=\"margin-top:16px;margin-right:0px;margin-bottom:0px;margin-left:0px\"><strong>Am\u00e9liorez vos processus de recrutement gr\u00e2ce \u00e0 la plateforme d\u2019IA du Groupe Baltas !<\/strong><\/h2>\n\n\n\n<p class=\"has-medium-font-size\" style=\"margin-top:32px;margin-right:0px;margin-bottom:0px;margin-left:0px;font-style:normal;font-weight:500;line-height:1.8\">L\u2019Entretien avec IA est une solution con\u00e7ue pour acc\u00e9l\u00e9rer vos recrutements et augmenter votre efficacit\u00e9. Gr\u00e2ce \u00e0 sa technologie aliment\u00e9e par l\u2019intelligence artificielle, vous pouvez \u00e9valuer objectivement les comp\u00e9tences des candidats et identifier rapidement les profils les plus adapt\u00e9s.<\/p>\n\n\n\n<div style=\"margin-top:0px;margin-bottom:0px;height:33px\" aria-hidden=\"true\" class=\"wp-block-spacer is-style-has-mb-30\"><\/div>\n<\/div>\n<\/div>\n\n\n\n<div class=\"wp-block-column is-layout-flow wp-block-column-is-layout-flow\" style=\"border-style:none;border-width:0px\">\n<div class=\"wp-block-group is-style-default is-layout-flow wp-block-group-is-layout-flow\" style=\"border-radius:12px\">\n<figure class=\"wp-block-image alignfull size-full\"><img loading=\"lazy\" decoding=\"async\" width=\"683\" height=\"454\" src=\"http:\/\/bigritefit.com\/wp-content\/uploads\/2025\/03\/avatar.jpg\" alt=\"\" class=\"wp-image-148\" srcset=\"https:\/\/bigritefit.com\/fr\/wp-content\/uploads\/2025\/03\/avatar.jpg 683w, https:\/\/bigritefit.com\/fr\/wp-content\/uploads\/2025\/03\/avatar-300x199.jpg 300w\" sizes=\"auto, (max-width: 683px) 100vw, 683px\" \/><\/figure>\n<\/div>\n<\/div>\n<\/div>\n<\/div>\n<\/div>\n<\/div>\n","protected":false},"excerpt":{"rendered":"<p>Pr\u00e9paration Pr\u00e9parez votre avatar en seulement 5 minutes ! Choisissez parmi plus de 30 mod\u00e8les pr\u00eats \u00e0 l\u2019emploi ou cr\u00e9ez le v\u00f4tre gr\u00e2ce \u00e0 notre G\u00e9n\u00e9rateur d\u2019Entretiens IA, puis personnalisez votre propre mod\u00e8le. Entretien Entretien interactif et en temps r\u00e9el, les candidats communiquent par chat vocal en direct avec l\u2019avatar IA et re\u00e7oivent imm\u00e9diatement des [&hellip;]<\/p>\n","protected":false},"author":1,"featured_media":0,"parent":0,"menu_order":0,"comment_status":"closed","ping_status":"closed","template":"","meta":{"footnotes":""},"class_list":["post-436","page","type-page","status-publish","hentry"],"aioseo_notices":[],"aioseo_head":"\n\t\t<!-- All in One SEO Pro 4.9.6.2 - aioseo.com -->\n\t<meta name=\"description\" content=\"Pr\u00e9paration Pr\u00e9parez votre avatar en seulement 5 minutes ! Choisissez parmi plus de 30 mod\u00e8les pr\u00eats \u00e0 l\u2019emploi ou cr\u00e9ez le v\u00f4tre gr\u00e2ce \u00e0 notre G\u00e9n\u00e9rateur d\u2019Entretiens IA, puis personnalisez votre propre mod\u00e8le. Acc\u00e9dez \u00e0 plus de 30 mod\u00e8les d\u2019entretien G\u00e9n\u00e9rateur d\u2019entretiens IA disponible en 30 langues Cr\u00e9ez des entretiens multilingues personnalis\u00e9s Publiez-les sur votre\" \/>\n\t<meta name=\"robots\" content=\"max-image-preview:large\" \/>\n\t<meta name=\"google-site-verification\" content=\"2-m3JpF4gikTdY_H383T-kPzJGHgSvYZ3aww5K1t_ZU\" \/>\n\t<link rel=\"canonical\" href=\"https:\/\/bigritefit.com\/fr\/comment-ca-marche\/\" \/>\n\t<meta name=\"generator\" content=\"All in One SEO Pro (AIOSEO) 4.9.6.2\" \/>\n\t\t<meta property=\"og:locale\" content=\"tr_TR\" \/>\n\t\t<meta property=\"og:site_name\" content=\"Recrutement gr\u00e2ce \u00e0 l&#039;intelligence artificielle | BIG RiteFit -\" \/>\n\t\t<meta property=\"og:type\" content=\"article\" \/>\n\t\t<meta property=\"og:title\" content=\"Comment \u00e7a marche - Recrutement gr\u00e2ce \u00e0 l&#039;intelligence artificielle | BIG RiteFit\" \/>\n\t\t<meta property=\"og:description\" content=\"Pr\u00e9paration Pr\u00e9parez votre avatar en seulement 5 minutes ! Choisissez parmi plus de 30 mod\u00e8les pr\u00eats \u00e0 l\u2019emploi ou cr\u00e9ez le v\u00f4tre gr\u00e2ce \u00e0 notre G\u00e9n\u00e9rateur d\u2019Entretiens IA, puis personnalisez votre propre mod\u00e8le. Acc\u00e9dez \u00e0 plus de 30 mod\u00e8les d\u2019entretien G\u00e9n\u00e9rateur d\u2019entretiens IA disponible en 30 langues Cr\u00e9ez des entretiens multilingues personnalis\u00e9s Publiez-les sur votre\" \/>\n\t\t<meta property=\"og:url\" content=\"https:\/\/bigritefit.com\/fr\/comment-ca-marche\/\" \/>\n\t\t<meta property=\"og:image\" content=\"https:\/\/bigritefit.com\/wp-content\/uploads\/2025\/03\/1.png\" \/>\n\t\t<meta property=\"og:image:secure_url\" content=\"https:\/\/bigritefit.com\/wp-content\/uploads\/2025\/03\/1.png\" \/>\n\t\t<meta property=\"article:published_time\" content=\"2025-03-21T07:39:26+00:00\" \/>\n\t\t<meta property=\"article:modified_time\" content=\"2025-09-29T11:12:15+00:00\" \/>\n\t\t<meta property=\"article:publisher\" content=\"https:\/\/www.facebook.com\/BaltasGrubu\" \/>\n\t\t<meta name=\"twitter:card\" content=\"summary_large_image\" \/>\n\t\t<meta name=\"twitter:site\" content=\"@baltasgrubu\" \/>\n\t\t<meta name=\"twitter:title\" content=\"Comment \u00e7a marche - Recrutement gr\u00e2ce \u00e0 l&#039;intelligence artificielle | BIG RiteFit\" \/>\n\t\t<meta name=\"twitter:description\" content=\"Pr\u00e9paration Pr\u00e9parez votre avatar en seulement 5 minutes ! Choisissez parmi plus de 30 mod\u00e8les pr\u00eats \u00e0 l\u2019emploi ou cr\u00e9ez le v\u00f4tre gr\u00e2ce \u00e0 notre G\u00e9n\u00e9rateur d\u2019Entretiens IA, puis personnalisez votre propre mod\u00e8le. Acc\u00e9dez \u00e0 plus de 30 mod\u00e8les d\u2019entretien G\u00e9n\u00e9rateur d\u2019entretiens IA disponible en 30 langues Cr\u00e9ez des entretiens multilingues personnalis\u00e9s Publiez-les sur votre\" \/>\n\t\t<meta name=\"twitter:creator\" content=\"@baltasgrubu\" \/>\n\t\t<meta name=\"twitter:image\" content=\"http:\/\/bigritefit.com\/wp-content\/uploads\/2025\/03\/1.png\" \/>\n\t\t<script type=\"application\/ld+json\" class=\"aioseo-schema\">\n\t\t\t{\"@context\":\"https:\\\/\\\/schema.org\",\"@graph\":[{\"@type\":\"BreadcrumbList\",\"@id\":\"https:\\\/\\\/bigritefit.com\\\/fr\\\/comment-ca-marche\\\/#breadcrumblist\",\"itemListElement\":[{\"@type\":\"ListItem\",\"@id\":\"https:\\\/\\\/bigritefit.com\\\/fr#listItem\",\"position\":1,\"name\":\"Home\",\"item\":\"https:\\\/\\\/bigritefit.com\\\/fr\",\"nextItem\":{\"@type\":\"ListItem\",\"@id\":\"https:\\\/\\\/bigritefit.com\\\/fr\\\/comment-ca-marche\\\/#listItem\",\"name\":\"Comment \\u00e7a marche\"}},{\"@type\":\"ListItem\",\"@id\":\"https:\\\/\\\/bigritefit.com\\\/fr\\\/comment-ca-marche\\\/#listItem\",\"position\":2,\"name\":\"Comment \\u00e7a marche\",\"previousItem\":{\"@type\":\"ListItem\",\"@id\":\"https:\\\/\\\/bigritefit.com\\\/fr#listItem\",\"name\":\"Home\"}}]},{\"@type\":\"Organization\",\"@id\":\"https:\\\/\\\/bigritefit.com\\\/fr\\\/#organization\",\"name\":\"Recrutement gr\\u00e2ce \\u00e0 l'intelligence artificielle | BIG RiteFit\",\"url\":\"https:\\\/\\\/bigritefit.com\\\/fr\\\/\",\"telephone\":\"+902164650440\",\"logo\":{\"@type\":\"ImageObject\",\"url\":\"http:\\\/\\\/bigritefit.com\\\/wp-content\\\/uploads\\\/2025\\\/02\\\/Big-Ritefit-simge-1.png\",\"@id\":\"https:\\\/\\\/bigritefit.com\\\/fr\\\/comment-ca-marche\\\/#organizationLogo\"},\"image\":{\"@id\":\"https:\\\/\\\/bigritefit.com\\\/fr\\\/comment-ca-marche\\\/#organizationLogo\"},\"sameAs\":[\"https:\\\/\\\/www.facebook.com\\\/BaltasGrubu\",\"https:\\\/\\\/twitter.com\\\/baltasgrubu\",\"https:\\\/\\\/www.instagram.com\\\/baltasgrubu\\\/\",\"https:\\\/\\\/www.youtube.com\\\/baltasgrubu\",\"https:\\\/\\\/www.linkedin.com\\\/company\\\/baltasgrubu\\\/\"]},{\"@type\":\"WebPage\",\"@id\":\"https:\\\/\\\/bigritefit.com\\\/fr\\\/comment-ca-marche\\\/#webpage\",\"url\":\"https:\\\/\\\/bigritefit.com\\\/fr\\\/comment-ca-marche\\\/\",\"name\":\"Comment \\u00e7a marche - Recrutement gr\\u00e2ce \\u00e0 l'intelligence artificielle | BIG RiteFit\",\"description\":\"Pr\\u00e9paration Pr\\u00e9parez votre avatar en seulement 5 minutes ! Choisissez parmi plus de 30 mod\\u00e8les pr\\u00eats \\u00e0 l\\u2019emploi ou cr\\u00e9ez le v\\u00f4tre gr\\u00e2ce \\u00e0 notre G\\u00e9n\\u00e9rateur d\\u2019Entretiens IA, puis personnalisez votre propre mod\\u00e8le. Acc\\u00e9dez \\u00e0 plus de 30 mod\\u00e8les d\\u2019entretien G\\u00e9n\\u00e9rateur d\\u2019entretiens IA disponible en 30 langues Cr\\u00e9ez des entretiens multilingues personnalis\\u00e9s Publiez-les sur votre\",\"inLanguage\":\"tr-TR\",\"isPartOf\":{\"@id\":\"https:\\\/\\\/bigritefit.com\\\/fr\\\/#website\"},\"breadcrumb\":{\"@id\":\"https:\\\/\\\/bigritefit.com\\\/fr\\\/comment-ca-marche\\\/#breadcrumblist\"},\"datePublished\":\"2025-03-21T10:39:26+03:00\",\"dateModified\":\"2025-09-29T14:12:15+03:00\"},{\"@type\":\"WebSite\",\"@id\":\"https:\\\/\\\/bigritefit.com\\\/fr\\\/#website\",\"url\":\"https:\\\/\\\/bigritefit.com\\\/fr\\\/\",\"name\":\"Recrutement gr\\u00e2ce \\u00e0 l'intelligence artificielle | BIG RiteFit\",\"alternateName\":\"AI Interview\",\"inLanguage\":\"tr-TR\",\"publisher\":{\"@id\":\"https:\\\/\\\/bigritefit.com\\\/fr\\\/#organization\"}}]}\n\t\t<\/script>\n\t\t<!-- All in One SEO Pro -->\r\n\t\t<title>Comment \u00e7a marche - Recrutement gr\u00e2ce \u00e0 l'intelligence artificielle | BIG RiteFit<\/title>\n\n","aioseo_head_json":{"title":"Comment \u00e7a marche - Recrutement gr\u00e2ce \u00e0 l'intelligence artificielle | BIG RiteFit","description":"Pr\u00e9paration Pr\u00e9parez votre avatar en seulement 5 minutes ! Choisissez parmi plus de 30 mod\u00e8les pr\u00eats \u00e0 l\u2019emploi ou cr\u00e9ez le v\u00f4tre gr\u00e2ce \u00e0 notre G\u00e9n\u00e9rateur d\u2019Entretiens IA, puis personnalisez votre propre mod\u00e8le. Acc\u00e9dez \u00e0 plus de 30 mod\u00e8les d\u2019entretien G\u00e9n\u00e9rateur d\u2019entretiens IA disponible en 30 langues Cr\u00e9ez des entretiens multilingues personnalis\u00e9s Publiez-les sur votre","canonical_url":"https:\/\/bigritefit.com\/fr\/comment-ca-marche\/","robots":"max-image-preview:large","keywords":"","webmasterTools":{"google-site-verification":"2-m3JpF4gikTdY_H383T-kPzJGHgSvYZ3aww5K1t_ZU","miscellaneous":""},"schema":{"@context":"https:\/\/schema.org","@graph":[{"@type":"BreadcrumbList","@id":"https:\/\/bigritefit.com\/fr\/comment-ca-marche\/#breadcrumblist","itemListElement":[{"@type":"ListItem","@id":"https:\/\/bigritefit.com\/fr#listItem","position":1,"name":"Home","item":"https:\/\/bigritefit.com\/fr","nextItem":{"@type":"ListItem","@id":"https:\/\/bigritefit.com\/fr\/comment-ca-marche\/#listItem","name":"Comment \u00e7a marche"}},{"@type":"ListItem","@id":"https:\/\/bigritefit.com\/fr\/comment-ca-marche\/#listItem","position":2,"name":"Comment \u00e7a marche","previousItem":{"@type":"ListItem","@id":"https:\/\/bigritefit.com\/fr#listItem","name":"Home"}}]},{"@type":"Organization","@id":"https:\/\/bigritefit.com\/fr\/#organization","name":"Recrutement gr\u00e2ce \u00e0 l'intelligence artificielle | BIG RiteFit","url":"https:\/\/bigritefit.com\/fr\/","telephone":"+902164650440","logo":{"@type":"ImageObject","url":"http:\/\/bigritefit.com\/wp-content\/uploads\/2025\/02\/Big-Ritefit-simge-1.png","@id":"https:\/\/bigritefit.com\/fr\/comment-ca-marche\/#organizationLogo"},"image":{"@id":"https:\/\/bigritefit.com\/fr\/comment-ca-marche\/#organizationLogo"},"sameAs":["https:\/\/www.facebook.com\/BaltasGrubu","https:\/\/twitter.com\/baltasgrubu","https:\/\/www.instagram.com\/baltasgrubu\/","https:\/\/www.youtube.com\/baltasgrubu","https:\/\/www.linkedin.com\/company\/baltasgrubu\/"]},{"@type":"WebPage","@id":"https:\/\/bigritefit.com\/fr\/comment-ca-marche\/#webpage","url":"https:\/\/bigritefit.com\/fr\/comment-ca-marche\/","name":"Comment \u00e7a marche - Recrutement gr\u00e2ce \u00e0 l'intelligence artificielle | BIG RiteFit","description":"Pr\u00e9paration Pr\u00e9parez votre avatar en seulement 5 minutes ! Choisissez parmi plus de 30 mod\u00e8les pr\u00eats \u00e0 l\u2019emploi ou cr\u00e9ez le v\u00f4tre gr\u00e2ce \u00e0 notre G\u00e9n\u00e9rateur d\u2019Entretiens IA, puis personnalisez votre propre mod\u00e8le. Acc\u00e9dez \u00e0 plus de 30 mod\u00e8les d\u2019entretien G\u00e9n\u00e9rateur d\u2019entretiens IA disponible en 30 langues Cr\u00e9ez des entretiens multilingues personnalis\u00e9s Publiez-les sur votre","inLanguage":"tr-TR","isPartOf":{"@id":"https:\/\/bigritefit.com\/fr\/#website"},"breadcrumb":{"@id":"https:\/\/bigritefit.com\/fr\/comment-ca-marche\/#breadcrumblist"},"datePublished":"2025-03-21T10:39:26+03:00","dateModified":"2025-09-29T14:12:15+03:00"},{"@type":"WebSite","@id":"https:\/\/bigritefit.com\/fr\/#website","url":"https:\/\/bigritefit.com\/fr\/","name":"Recrutement gr\u00e2ce \u00e0 l'intelligence artificielle | BIG RiteFit","alternateName":"AI Interview","inLanguage":"tr-TR","publisher":{"@id":"https:\/\/bigritefit.com\/fr\/#organization"}}]},"og:locale":"tr_TR","og:site_name":"Recrutement gr\u00e2ce \u00e0 l'intelligence artificielle | BIG RiteFit -","og:type":"article","og:title":"Comment \u00e7a marche - Recrutement gr\u00e2ce \u00e0 l'intelligence artificielle | BIG RiteFit","og:description":"Pr\u00e9paration Pr\u00e9parez votre avatar en seulement 5 minutes ! Choisissez parmi plus de 30 mod\u00e8les pr\u00eats \u00e0 l\u2019emploi ou cr\u00e9ez le v\u00f4tre gr\u00e2ce \u00e0 notre G\u00e9n\u00e9rateur d\u2019Entretiens IA, puis personnalisez votre propre mod\u00e8le. Acc\u00e9dez \u00e0 plus de 30 mod\u00e8les d\u2019entretien G\u00e9n\u00e9rateur d\u2019entretiens IA disponible en 30 langues Cr\u00e9ez des entretiens multilingues personnalis\u00e9s Publiez-les sur votre","og:url":"https:\/\/bigritefit.com\/fr\/comment-ca-marche\/","og:image":"https:\/\/bigritefit.com\/wp-content\/uploads\/2025\/03\/1.png","og:image:secure_url":"https:\/\/bigritefit.com\/wp-content\/uploads\/2025\/03\/1.png","article:published_time":"2025-03-21T07:39:26+00:00","article:modified_time":"2025-09-29T11:12:15+00:00","article:publisher":"https:\/\/www.facebook.com\/BaltasGrubu","twitter:card":"summary_large_image","twitter:site":"@baltasgrubu","twitter:title":"Comment \u00e7a marche - Recrutement gr\u00e2ce \u00e0 l'intelligence artificielle | BIG RiteFit","twitter:description":"Pr\u00e9paration Pr\u00e9parez votre avatar en seulement 5 minutes ! Choisissez parmi plus de 30 mod\u00e8les pr\u00eats \u00e0 l\u2019emploi ou cr\u00e9ez le v\u00f4tre gr\u00e2ce \u00e0 notre G\u00e9n\u00e9rateur d\u2019Entretiens IA, puis personnalisez votre propre mod\u00e8le. Acc\u00e9dez \u00e0 plus de 30 mod\u00e8les d\u2019entretien G\u00e9n\u00e9rateur d\u2019entretiens IA disponible en 30 langues Cr\u00e9ez des entretiens multilingues personnalis\u00e9s Publiez-les sur votre","twitter:creator":"@baltasgrubu","twitter:image":"http:\/\/bigritefit.com\/wp-content\/uploads\/2025\/03\/1.png"},"aioseo_meta_data":{"post_id":"436","title":null,"description":null,"keywords":null,"keyphrases":{"focus":{"keyphrase":"","score":0,"analysis":{"keyphraseInTitle":{"score":0,"maxScore":9,"error":1}}},"additional":[]},"primary_term":null,"canonical_url":null,"og_title":null,"og_description":null,"og_object_type":"default","og_image_type":"default","og_image_url":null,"og_image_width":null,"og_image_height":null,"og_image_custom_url":null,"og_image_custom_fields":null,"og_video":"","og_custom_url":null,"og_article_section":null,"og_article_tags":null,"twitter_use_og":false,"twitter_card":"default","twitter_image_type":"default","twitter_image_url":null,"twitter_image_custom_url":null,"twitter_image_custom_fields":null,"twitter_title":null,"twitter_description":null,"schema":{"blockGraphs":[],"customGraphs":[],"default":{"data":{"Article":[],"Course":[],"Dataset":[],"FAQPage":[],"Movie":[],"Person":[],"Product":[],"ProductReview":[],"Car":[],"Recipe":[],"Service":[],"SoftwareApplication":[],"WebPage":[]},"graphName":"WebPage","isEnabled":true},"graphs":[]},"schema_type":"default","schema_type_options":null,"pillar_content":false,"robots_default":true,"robots_noindex":false,"robots_noarchive":false,"robots_nosnippet":false,"robots_nofollow":false,"robots_noimageindex":false,"robots_noodp":false,"robots_notranslate":false,"robots_max_snippet":"-1","robots_max_videopreview":"-1","robots_max_imagepreview":"large","priority":null,"frequency":"default","local_seo":null,"seo_analyzer_scan_date":null,"breadcrumb_settings":null,"limit_modified_date":false,"reviewed_by":"0","open_ai":null,"ai":{"faqs":[],"keyPoints":[],"titles":[],"descriptions":[],"socialPosts":{"email":[],"linkedin":[],"twitter":[],"facebook":[],"instagram":[]}},"created":"2025-03-21 07:39:27","updated":"2025-10-20 23:59:36"},"aioseo_breadcrumb":"<div class=\"aioseo-breadcrumbs\"><span class=\"aioseo-breadcrumb\">\n\t<a href=\"https:\/\/bigritefit.com\/fr\" title=\"Home\">Home<\/a>\n<\/span><span class=\"aioseo-breadcrumb-separator\">&raquo;<\/span><span class=\"aioseo-breadcrumb\">\n\tComment \u00e7a marche\n<\/span><\/div>","aioseo_breadcrumb_json":[{"label":"Home","link":"https:\/\/bigritefit.com\/fr"},{"label":"Comment \u00e7a marche","link":"https:\/\/bigritefit.com\/fr\/comment-ca-marche\/"}],"_links":{"self":[{"href":"https:\/\/bigritefit.com\/fr\/wp-json\/wp\/v2\/pages\/436","targetHints":{"allow":["GET"]}}],"collection":[{"href":"https:\/\/bigritefit.com\/fr\/wp-json\/wp\/v2\/pages"}],"about":[{"href":"https:\/\/bigritefit.com\/fr\/wp-json\/wp\/v2\/types\/page"}],"author":[{"embeddable":true,"href":"https:\/\/bigritefit.com\/fr\/wp-json\/wp\/v2\/users\/1"}],"replies":[{"embeddable":true,"href":"https:\/\/bigritefit.com\/fr\/wp-json\/wp\/v2\/comments?post=436"}],"version-history":[{"count":18,"href":"https:\/\/bigritefit.com\/fr\/wp-json\/wp\/v2\/pages\/436\/revisions"}],"predecessor-version":[{"id":902,"href":"https:\/\/bigritefit.com\/fr\/wp-json\/wp\/v2\/pages\/436\/revisions\/902"}],"wp:attachment":[{"href":"https:\/\/bigritefit.com\/fr\/wp-json\/wp\/v2\/media?parent=436"}],"curies":[{"name":"wp","href":"https:\/\/api.w.org\/{rel}","templated":true}]}}